{"id":62,"date":"2020-01-27T16:23:01","date_gmt":"2020-01-27T16:23:01","guid":{"rendered":"https:\/\/www.aqualab.pt\/?page_id=62"},"modified":"2022-12-22T17:52:38","modified_gmt":"2022-12-22T17:52:38","slug":"contacts","status":"publish","type":"page","link":"https:\/\/aqualab.pt\/en\/contacts\/","title":{"rendered":"Contacts"},"content":{"rendered":"\n<div class=\"wp-block-kobu-custom-blocks-responsive-spacer responsive-spacer size-medium\"><\/div>\n\n\n\n<div class=\"contact-group\">\n\t<div class=\"contact-group-container\">\n\t\t\t\t\t<h2>AQUALAB &#8211; Clinical and Public Health Laboratory, Lda.<\/h2>\n\t\t\n\t\t<div class=\"contact-group-wrapper\">\n\t\t\t\t\t\t\t<address>Quinta da Bella Vista, Rua do Est\u00e1dio, lote E-4, 8200-127 Albufeira<\/address>\n\t\t\t\t\t\t\n\t\t\t<div class=\"contacts-wrapper\">\n\t\t\t\t\t\t\t\t\t<div class=\"phone-numbers\">\n\t\t\t\t\t\t\t\t\t\t\t\t\t<a href=\"tel:+351289580890\">+351 289 580 890<\/a>\n\t\t\t\t\t\t\t\t\t\t\t<\/div>\n\t\t\t\t\t\t\t\n\t\t\t\t\t\t\t\t\t<a class=\"fax\" href=\"tel:+351289580899\">+351 289 580 899<\/a>\n\t\t\t\t\t\t\t\n\t\t\t\t\t\t\t\t\t<div class=\"emails\">\n\t\t\t\t\t\t\t\t\t\t\t\t\t<a href=\"mailto:info@aqualab.pt\">info@aqualab.pt<\/a>\n\t\t\t\t\t\t\t\t\t\t\t<\/div>\n\t\t\t\t\t\t\t<\/div>\n\t\t<\/div>\n\t<\/div>\n<\/div>\n\n\n<div class=\"wp-block-kobu-custom-blocks-responsive-spacer responsive-spacer size-small\"><\/div>\n\n\n\n<div class=\"contact-group\">\n\t<div class=\"contact-group-container\">\n\t\t\t\t\t<h2>Laboratory Dr. Jo\u00e3o Josino da Costa, Lda<\/h2>\n\t\t\n\t\t<div class=\"contact-group-wrapper\">\n\t\t\t\t\t\t\t<address>Rua Direita, n\u00ba 43, 1\u00ba, 8500-624 Portim\u00e3o<\/address>\n\t\t\t\t\t\t\n\t\t\t<div class=\"contacts-wrapper\">\n\t\t\t\t\t\t\t\t\t<div class=\"phone-numbers\">\n\t\t\t\t\t\t\t\t\t\t\t\t\t<a href=\"tel:+351282424250\">+351 282 424 250<\/a>\n\t\t\t\t\t\t\t\t\t\t\t<\/div>\n\t\t\t\t\t\t\t\n\t\t\t\t\t\t\t\n\t\t\t\t\t\t\t\t\t<div class=\"emails\">\n\t\t\t\t\t\t\t\t\t\t\t\t\t<a href=\"mailto:joaojosino@sapo.pt\">joaojosino@sapo.pt<\/a>\n\t\t\t\t\t\t\t\t\t\t\t<\/div>\n\t\t\t\t\t\t\t<\/div>\n\t\t<\/div>\n\t<\/div>\n<\/div>\n\n\n<div class=\"wp-block-kobu-custom-blocks-responsive-spacer responsive-spacer size-small\"><\/div>\n\n\n\n<div class=\"contact-group\">\n\t<div class=\"contact-group-container\">\n\t\t\t\t\t<h2>MODUSLAB &#8211; Clinical Analysis Center, Lda<\/h2>\n\t\t\n\t\t<div class=\"contact-group-wrapper\">\n\t\t\t\t\t\t\t<address>Rua da Pol\u00edcia de Seguran\u00e7a P\u00fablica, n\u00ba22, 8000-273 Faro<\/address>\n\t\t\t\t\t\t\n\t\t\t<div class=\"contacts-wrapper\">\n\t\t\t\t\t\t\t\t\t<div class=\"phone-numbers\">\n\t\t\t\t\t\t\t\t\t\t\t\t\t<a href=\"tel:+351289889590\">+351 289 889 590<\/a>\n\t\t\t\t\t\t\t\t\t\t\t<\/div>\n\t\t\t\t\t\t\t\n\t\t\t\t\t\t\t\t\t<a class=\"fax\" href=\"tel:+351289899594\">+351 289 899 594<\/a>\n\t\t\t\t\t\t\t\n\t\t\t\t\t\t\t\t\t<div class=\"emails\">\n\t\t\t\t\t\t\t\t\t\t\t\t\t<a href=\"mailto:moduslab@moduslab.pt\">moduslab@moduslab.pt<\/a>\n\t\t\t\t\t\t\t\t\t\t\t<\/div>\n\t\t\t\t\t\t\t<\/div>\n\t\t<\/div>\n\t<\/div>\n<\/div>\n\n\n<div class=\"wp-block-kobu-custom-blocks-responsive-spacer responsive-spacer size-medium\"><\/div>\n\n\n\n<p>Consult all our Sampling Units <a href=\"https:\/\/www.aqualab.pt\/en\/analysis-departments\/clinical-department\/sampling-units\/\" class=\"aioseop-link\">here<\/a>.<\/p>\n","protected":false},"excerpt":{"rendered":"<p>Consult all our Sampling Units here.<\/p>\n","protected":false},"author":1,"featured_media":0,"parent":0,"menu_order":6,"comment_status":"closed","ping_status":"closed","template":"","meta":{"_acf_changed":false,"footnotes":""},"class_list":["post-62","page","type-page","status-publish","hentry","page-entry"],"acf":[],"aioseo_notices":[],"_links":{"self":[{"href":"https:\/\/aqualab.pt\/en\/wp-json\/wp\/v2\/pages\/62","targetHints":{"allow":["GET"]}}],"collection":[{"href":"https:\/\/aqualab.pt\/en\/wp-json\/wp\/v2\/pages"}],"about":[{"href":"https:\/\/aqualab.pt\/en\/wp-json\/wp\/v2\/types\/page"}],"author":[{"embeddable":true,"href":"https:\/\/aqualab.pt\/en\/wp-json\/wp\/v2\/users\/1"}],"replies":[{"embeddable":true,"href":"https:\/\/aqualab.pt\/en\/wp-json\/wp\/v2\/comments?post=62"}],"version-history":[{"count":1,"href":"https:\/\/aqualab.pt\/en\/wp-json\/wp\/v2\/pages\/62\/revisions"}],"predecessor-version":[{"id":4417,"href":"https:\/\/aqualab.pt\/en\/wp-json\/wp\/v2\/pages\/62\/revisions\/4417"}],"wp:attachment":[{"href":"https:\/\/aqualab.pt\/en\/wp-json\/wp\/v2\/media?parent=62"}],"curies":[{"name":"wp","href":"https:\/\/api.w.org\/{rel}","templated":true}]}}