{"id":3961,"date":"2022-08-23T15:36:51","date_gmt":"2022-08-23T15:36:51","guid":{"rendered":"https:\/\/aqualab.pt\/about-us\/equipa-faro\/"},"modified":"2022-08-23T16:18:12","modified_gmt":"2022-08-23T16:18:12","slug":"faro-team","status":"publish","type":"page","link":"https:\/\/aqualab.pt\/en\/about-us\/faro-team\/","title":{"rendered":"Faro Team"},"content":{"rendered":"\n<h2 class=\"wp-block-heading\">AQUALAB<strong> <\/strong>&#8211; Faro Laboratory<\/h2>\n\n\n\n<div class=\"wp-block-kobu-custom-blocks-responsive-spacer responsive-spacer size-medium\"><\/div>\n\n\n\n<h4 class=\"wp-block-heading\"><strong>Technical Director<\/strong><\/h4>\n\n\n\t<div class=\"team-members\">\n\t\t<div class=\"team-members-wrapper\">\n\t\t\t\t\t\t\t<div class=\"team-member\">\n\t\t\t\t\t\t\t\t\t\t\t<div class=\"featured-img\">\n\t\t\t\t\t\t\t<img decoding=\"async\" class=\"coverimg\" src=\"https:\/\/aqualab.pt\/files\/uploads\/2022\/01\/Aqualab_Team_Elsa_Nunes-e1642075701770.jpg\" alt=\"Aqualab_team_Elsa_Nunes\" \/>\n\t\t\t\t\t\t<\/div>\n\t\t\t\t\t\t\t\t\t\t<article class=\"content-wrapper\">\n\t\t\t\t\t\t<h1>Doctor Elsa Nunes<\/h1>\n\t\t\t\t\t\t\t\t\t\t\t\t\t<p>Degree in Pharmaceutical Sciences; Specialist in Laboratory Medicine by the Portuguese Board of Pharmacists<\/p>\n\t\t\t\t\t\t\t\t\t\t\t<\/article>\n\t\t\t\t<\/div>\n\t\t\t\t\t<\/div>\n\t<\/div>\n\n\n\n<h4 class=\"wp-block-heading\"><strong>Substitute Technical Director<\/strong><\/h4>\n\n\n\t<div class=\"team-members\">\n\t\t<div class=\"team-members-wrapper\">\n\t\t\t\t\t\t\t<div class=\"team-member\">\n\t\t\t\t\t\t\t\t\t\t\t<div class=\"featured-img empty\"><\/div>\n\t\t\t\t\t\t\t\t\t\t<article class=\"content-wrapper\">\n\t\t\t\t\t\t<h1>Doctor Laura Quitalo<\/h1>\n\t\t\t\t\t\t\t\t\t\t\t\t\t<p>Degree in Pharmaceutical Sciences; Specialist in Laboratory Medicine by the Portuguese Board of Pharmacists<\/p>\n\t\t\t\t\t\t\t\t\t\t\t<\/article>\n\t\t\t\t<\/div>\n\t\t\t\t\t<\/div>\n\t<\/div>\n\n\n\n<div class=\"wp-block-kobu-custom-blocks-responsive-spacer responsive-spacer size-medium\"><\/div>\n\n\n\n<h3 class=\"wp-block-heading\">Department of Clinical Analysis<\/h3>\n\n\n\n<div class=\"wp-block-kobu-custom-blocks-responsive-spacer responsive-spacer size-small\"><\/div>\n\n\n\n<h4 class=\"wp-block-heading\"><strong>Technical Team<\/strong><\/h4>\n\n\n\n<ul class=\"wp-block-list\"><li>Doctor Joana Ramos &#8211; Degree in Pharmaceutical Sciences; Specialist in Laboratory Medicine by the Portuguese Board of Pharmacists<\/li><li>Cristina Pereira \u2013 Degree in Pharmaceutical Sciences &amp; Public Health<\/li><li>Mara Oliveira \u2013 Degree in Pharmaceutical Sciences &amp; Public Health<\/li><li>Margarida Guerreiro &#8211; Degree in Pharmaceutical Sciences &amp; Public Health<\/li><li>Olga Rebelo \u2013 Degree in Biochemistry<\/li><li>Catrina Sim\u00f5es &#8211; Degree in Pharmaceutical Sciences &amp; Public Health<\/li><li>Alexandra Sousa&nbsp; &#8211; Degree in Pharmaceutical Sciences &amp; Public Health<\/li><li>Patr\u00edcia Carvalho &#8211; Degree in Pharmaceutical Sciences &amp; Public Health<\/li><li>Hugo Silva &#8211; Degree in Pharmaceutical Sciences &amp; Public Health<\/li><\/ul>\n\n\n\n<div class=\"wp-block-kobu-custom-blocks-responsive-spacer responsive-spacer size-small\"><\/div>\n\n\n\n<h4 class=\"wp-block-heading\">Laboratory Assistant<\/h4>\n\n\n\n<ul class=\"wp-block-list\"><li>Eduarda Costa<\/li><li>Filipa Gago<\/li><\/ul>\n\n\n\n<div class=\"wp-block-kobu-custom-blocks-responsive-spacer responsive-spacer size-small\"><\/div>\n\n\n\n<h4 class=\"wp-block-heading\">Financial and Administrative Team<\/h4>\n\n\n\n<ul class=\"wp-block-list\"><li>Silvia Martins \u2013 Head<\/li><li>Vanessa Martins<\/li><li>Ana Isabel Fontainhas<\/li><li>Concei\u00e7\u00e3o Val\u00e9rio<\/li><li>Rossana Sousa<\/li><\/ul>\n","protected":false},"excerpt":{"rendered":"<p>AQUALAB &#8211; Faro Laboratory Technical Director Substitute Technical Director Department of Clinical Analysis Technical Team Doctor Joana Ramos &#8211; Degree in Pharmaceutical [&hellip;]<\/p>\n","protected":false},"author":2,"featured_media":0,"parent":64,"menu_order":4,"comment_status":"closed","ping_status":"closed","template":"templates\/page-with-sidebar.php","meta":{"_acf_changed":false,"footnotes":""},"class_list":["post-3961","page","type-page","status-publish","hentry","page-entry"],"acf":[],"aioseo_notices":[],"_links":{"self":[{"href":"https:\/\/aqualab.pt\/en\/wp-json\/wp\/v2\/pages\/3961","targetHints":{"allow":["GET"]}}],"collection":[{"href":"https:\/\/aqualab.pt\/en\/wp-json\/wp\/v2\/pages"}],"about":[{"href":"https:\/\/aqualab.pt\/en\/wp-json\/wp\/v2\/types\/page"}],"author":[{"embeddable":true,"href":"https:\/\/aqualab.pt\/en\/wp-json\/wp\/v2\/users\/2"}],"replies":[{"embeddable":true,"href":"https:\/\/aqualab.pt\/en\/wp-json\/wp\/v2\/comments?post=3961"}],"version-history":[{"count":5,"href":"https:\/\/aqualab.pt\/en\/wp-json\/wp\/v2\/pages\/3961\/revisions"}],"predecessor-version":[{"id":4004,"href":"https:\/\/aqualab.pt\/en\/wp-json\/wp\/v2\/pages\/3961\/revisions\/4004"}],"up":[{"embeddable":true,"href":"https:\/\/aqualab.pt\/en\/wp-json\/wp\/v2\/pages\/64"}],"wp:attachment":[{"href":"https:\/\/aqualab.pt\/en\/wp-json\/wp\/v2\/media?parent=3961"}],"curies":[{"name":"wp","href":"https:\/\/api.w.org\/{rel}","templated":true}]}}