{"id":3520,"date":"2022-03-24T16:58:35","date_gmt":"2022-03-24T16:58:35","guid":{"rendered":"https:\/\/www.aqualab.pt\/politica-de-reembolsos\/"},"modified":"2022-03-29T10:55:02","modified_gmt":"2022-03-29T10:55:02","slug":"politica-de-reembolsos","status":"publish","type":"page","link":"https:\/\/aqualab.pt\/en\/politica-de-reembolsos\/","title":{"rendered":"Refund Policy"},"content":{"rendered":"\n<p>AQUALAB &#8211; Laborat\u00f3rio Cl\u00ednico e de Sa\u00fade P\u00fablica S.A. with its head office in Albufeira, was created in 1992 and, over the years, has experienced enormous growth in its activity, having surpassed all its targets and objectives.<\/p>\n\n\n\n<p>AQUALAB &#8211; Laborat\u00f3rio Cl\u00ednico e de Sa\u00fade P\u00fablica S.A. is the owner of the domain https:\/\/www.aqualab.pt\/, where its website is hosted, as well as the services that are available there.&nbsp;<\/p>\n\n\n\n<p>This Refund Policy governs the terms and conditions under which refunds of payments made through this website and associated official sites may be made.<\/p>\n\n\n\n<p>Whenever appropriate, the present terms and conditions may be unilaterally altered by AQUALAB &#8211; Laborat\u00f3rio Cl\u00ednico e de Sa\u00fade P\u00fablica S.A., therefore we recommend you to read them carefully and periodically.<\/p>\n\n\n\n<p>If you have any questions regarding this Refund Policy, you may contact us by the following means:<\/p>\n\n\n\n<p><strong>E-mail:<\/strong> dep.financeiro@aqualba.pt; \u00a0<\/p>\n\n\n\n<p><strong>Telephone:<\/strong> +351 289 580 890, and choose 3 for connection to the Financial Department;<\/p>\n\n\n\n<p><strong>Postal address: <\/strong>Quinta da Bellavista, Rua do Est\u00e1dio, Lote E-4,\u00a08200-127, for the attention of the Financial Department.<\/p>\n\n\n\n<div class=\"wp-block-kobu-custom-blocks-responsive-spacer responsive-spacer size-small\"><\/div>\n\n\n\n<h3 class=\"wp-block-heading\">1. Payment methods accepted by AQUALAB &#8211; Laborat\u00f3rio Cl\u00ednico e de Sa\u00fade P\u00fablica S.A. via its website<\/h3>\n\n\n\n<p>AQUALAB &#8211; Laborat\u00f3rio Cl\u00ednico e de Sa\u00fade P\u00fablica S.A. uses the Millennium BCP IT platform P@Y.ME for payment related issues.&nbsp;<\/p>\n\n\n\n<p>The Client may pay for the services provided by AQUALAB &#8211; Laborat\u00f3rio Cl\u00ednico e de Sa\u00fade P\u00fablica S.A. through one of the following payment methods available on this platform:<\/p>\n\n\n\n<div class=\"wp-block-kobu-custom-blocks-responsive-spacer responsive-spacer size-small\"><\/div>\n\n\n\n<ul class=\"wp-block-list\"><li><strong>Debit or Credit Card (Visa and\/or Mastercard)<\/strong><\/li><\/ul>\n\n\n\n<p>On the date of payment, information about the service provided and the Customer&#8217;s card details will be sent to the bank entity, duly encrypted.<\/p>\n\n\n\n<div class=\"wp-block-kobu-custom-blocks-responsive-spacer responsive-spacer size-small\"><\/div>\n\n\n\n<ul class=\"wp-block-list\"><li><strong>Multibanco (ATM) reference<\/strong><\/li><\/ul>\n\n\n\n<p>When the Client chooses to pay in advance for a service to be provided by AQUALAB &#8211; Laborat\u00f3rio Cl\u00ednico e de Sa\u00fade P\u00fablica S.A., he\/she can do it using the Multibanco references. For this, you will receive an email with the details to make the payment in an ATM or Homebanking service. After receiving the payment details, the Customer has 3 (three) days to make the payment. If the payment is not made within this period, the scheduling of the service to be provided by AQUALAB &#8211; Laborat\u00f3rio Cl\u00ednico e de Sa\u00fade P\u00fablica S.A. will be considered void.\u00a0<\/p>\n\n\n\n<div class=\"wp-block-kobu-custom-blocks-responsive-spacer responsive-spacer size-small\"><\/div>\n\n\n\n<ul class=\"wp-block-list\"><li><strong>MB WAY: Mobile Payment<\/strong><\/li><\/ul>\n\n\n\n<p>The option for this payment method involves access to the MB WAY service through the MB WAY app. The MB WAY app is a software application developed by SIBS FPS, with the necessary authentication, intended for mobile devices with iOS, Android and Windows operating systems, which allows its user to perform the functionalities available in that service.&nbsp;<\/p>\n\n\n\n<p>To use the MB WAY application, it is necessary to link a mobile phone contact, which, once you have opted for this payment method, will be requested by AQUALAB &#8211; Laborat\u00f3rio Cl\u00ednico e de Sa\u00fade P\u00fablica S.A., at the time of payment. Once the mobile phone number is entered, the Customer must authorize the payment through his\/her MB WAY application.&nbsp;<\/p>\n\n\n\n<p>If you have problems paying with the MB WAY Service, please make sure that:&nbsp;<\/p>\n\n\n\n<ul class=\"wp-block-list\"><li>you have your MB WAY account active and the corresponding application installed on your mobile phone;<\/li><li>the mobile number you have entered is the number associated with your MB WAY account;<\/li><li>confirmed the payment in your MB WAY application, within the maximum period of 4 (four) minutes determined for this purpose. After this time limit, the payment request expires and you must repeat the procedure.<\/li><\/ul>\n\n\n\n<p>For more information about the MB WAY application, please consult: https:\/\/www.mbway.pt\/. You can also contact the MB WAY customer support team on 217 918 725.<\/p>\n\n\n\n<p>Independently of the payment method adopted, AQUALAB &#8211; Laborat\u00f3rio Cl\u00ednico e de Sa\u00fade P\u00fablica S.A. will always provide the Client with an invoice-receipt after payment.<\/p>\n\n\n\n<p>Do not make payments to AQUALAB &#8211; Laborat\u00f3rio Cl\u00ednico e de Sa\u00fade P\u00fablica S.A. by any means other than those specified above. If you do so, AQUALAB &#8211; Laborat\u00f3rio Cl\u00ednico e de Sa\u00fade P\u00fablica S.A. will not be responsible for the loss of the payment, nor for any other damages that may result thereof.<\/p>\n\n\n\n<div class=\"wp-block-kobu-custom-blocks-responsive-spacer responsive-spacer size-small\"><\/div>\n\n\n\n<h3 class=\"wp-block-heading\">2. Circumstances under which the Customer may receive a refund<\/h3>\n\n\n\n<p>The Client may receive a full refund if he\/she has made an advance payment for a service to be provided by AQUALAB &#8211; Laborat\u00f3rio Cl\u00ednico e de Sa\u00fade P\u00fablica S.A. and this service has not been provided.&nbsp;<\/p>\n\n\n\n<p>The Client may receive a partial refund if the service has been effectively provided but, for some reason, is proven to have been charged more than the amount that should have been charged.<\/p>\n\n\n\n<p>In situations of advanced payment, AQUALAB &#8211; Laborat\u00f3rio Cl\u00ednico e de Sa\u00fade P\u00fablica S.A. reserves the right to reschedule the service to a date and time to be agreed with the Client.<\/p>\n\n\n\n<p>The Client may also, by his\/her own initiative, agree with AQUALAB &#8211; Laborat\u00f3rio Cl\u00ednico e de Sa\u00fade P\u00fablica S.A. to reschedule the service provision.<\/p>\n\n\n\n<p>As a general rule, in situations where the Client loses interest in the service prior to the date of the appointment, he\/she will be entitled to a refund of the amount paid in advance, unless, as a result of this withdrawal, AQUALAB &#8211; Laborat\u00f3rio Cl\u00ednico e de Sa\u00fade P\u00fablica S.A. has suffered a relevant loss.<\/p>\n\n\n\n<div class=\"wp-block-kobu-custom-blocks-responsive-spacer responsive-spacer size-small\"><\/div>\n\n\n\n<h3 class=\"wp-block-heading\">3. How to submit a refund request<\/h3>\n\n\n\n<p>The client should send the refund request, always accompanied by the invoice and respective proof of payment, to the email <a href=\"mailto:dep.financeiro@aqualba.pt\">dep.financeiro@aqualba.pt<\/a>.&nbsp;<\/p>\n\n\n\n<p>Once the refund request has been received and assessed, you will be informed of the decision to approve or reject the refund request and, in the case of approval, the amount to be refunded.<\/p>\n\n\n\n<p>When a refund is due, it will be processed by AQUALAB &#8211; Laborat\u00f3rio Cl\u00ednico e de Sa\u00fade P\u00fablica S.A., which will issue the refund request through the same method that was used to make the payment.<\/p>\n\n\n\n<div class=\"wp-block-kobu-custom-blocks-responsive-spacer responsive-spacer size-small\"><\/div>\n\n\n\n<h3 class=\"wp-block-heading\">4. Point of reimbursement<\/h3>\n\n\n\n<p>Once the refund is approved by AQUALAB &#8211; Laborat\u00f3rio Cl\u00ednico e de Sa\u00fade P\u00fablica S.A., you will receive an email informing you that the refund has been made.<\/p>\n\n\n\n<p>Once the refund is approved by AQUALAB &#8211; Laborat\u00f3rio Cl\u00ednico e de Sa\u00fade P\u00fablica S.A., you will receive an email informing you that the refund has been made.<\/p>\n\n\n\n<ul class=\"wp-block-list\"><li><strong>If you paid by credit card<\/strong><\/li><\/ul>\n\n\n\n<p>From the moment AQUALAB &#8211; Laborat\u00f3rio Cl\u00ednico e de Sa\u00fade P\u00fablica S.A. issues the refund, the amount shall appear on the bank statement within four days. Following the refund order, the subsequent operations are outside the scope and control of AQUALAB &#8211; Laborat\u00f3rio Cl\u00ednico e de Sa\u00fade P\u00fablica S.A., and the refund destination bank should be contacted.&nbsp;<\/p>\n\n\n\n<p>The refund is made to the credit card and not to the associated bank account. We remind you that the amount will appear on your credit card statement.&nbsp;<\/p>\n\n\n\n<ul class=\"wp-block-list\"><li><strong>If you paid by debit card<\/strong><\/li><\/ul>\n\n\n\n<p>From the moment AQUALAB &#8211; Laborat\u00f3rio Cl\u00ednico e de Sa\u00fade P\u00fablica S.A. issues the refund, the amount must be deposited in the destination bank account within four working days. After the refund, the subsequent operations are beyond the control of AQUALAB &#8211; Laborat\u00f3rio Cl\u00ednico e de Sa\u00fade P\u00fablica S.A.. The destination bank should be contacted.\u00a0<\/p>\n\n\n\n<ul class=\"wp-block-list\"><li><strong>If you paid with a Multibanco reference or MB WAY<\/strong><\/li><\/ul>\n\n\n\n<p>When payment has been made using Multibanco references or through the MB WAY Service, the refund is made by bank transfer. Therefore, you will be asked for an IBAN when you receive the email with the refund approval decision. Once the IBAN has been sent, the refund will be processed within three working days. As of the refund order, the subsequent operations are outside the control of AQUALAB &#8211; Laborat\u00f3rio Cl\u00ednico e de Sa\u00fade P\u00fablica S.A., and the refund destination bank should be contacted.<\/p>\n\n\n\n<div class=\"wp-block-kobu-custom-blocks-responsive-spacer responsive-spacer size-medium\"><\/div>\n\n\n\n<h3 class=\"wp-block-heading\">5. What to do if there is a delay in receiving a refund<\/h3>\n\n\n\n<p>If you have not yet received your refund, please contact your bank or credit card company, as applicable, as there is a processing time required before a refund is permanently reversed.<\/p>\n\n\n\n<p>If following these steps you do not receive your refund, please contact us by e-mail at dep.financeiro@aqualba.pt or by telephone on 289 580 890.<\/p>\n\n\n\n<div class=\"wp-block-kobu-custom-blocks-responsive-spacer responsive-spacer size-small\"><\/div>\n\n\n\n<h3 class=\"wp-block-heading\">6. Liability<\/h3>\n\n\n\n<p>O AQUALAB \u2013 Laborat\u00f3rio Cl\u00ednico e de Sa\u00fade P\u00fablica S.A. <\/p>\n\n\n\n<p>will not be responsible for any delays or damages resulting from changes in the information and\/or conditions of the P@Y.ME platform and related services mentioned above.&nbsp; &nbsp;<\/p>\n\n\n\n<p>AQUALAB &#8211; Laborat\u00f3rio Cl\u00ednico e de Sa\u00fade P\u00fablica S.A. will not be responsible for any delays or damages resulting from the non-delivery of analysis results via e-mail when it is proven that the Client has filled in or confirmed his\/her email address with a mistake, oversight or typo.&nbsp;<\/p>\n\n\n\n<div class=\"wp-block-kobu-custom-blocks-responsive-spacer responsive-spacer size-small\"><\/div>\n\n\n\n<h3 class=\"wp-block-heading\">7. Applicable jurisdiction\u00a0\u00a0<\/h3>\n\n\n\n<p>Portuguese law is applicable to this Refund Policy and all disputes arising in connection with this policy, including its validity, the use of this website or any purchase in the same.<\/p>\n\n\n\n<p>In case of dispute regarding the interpretation or execution of the present Refund Policy, the competent court of jurisdiction is, by mutual agreement, the District of Albufeira, with express waiver of any other.<\/p>\n\n\n\n<p>Albufeira, 24 March 2022<\/p>\n\n\n\n<p>The Administrative Board,<\/p>\n","protected":false},"excerpt":{"rendered":"<p>AQUALAB &#8211; Laborat\u00f3rio Cl\u00ednico e de Sa\u00fade P\u00fablica S.A. with its head office in Albufeira, was created in 1992 and, over the [&hellip;]<\/p>\n","protected":false},"author":1,"featured_media":0,"parent":0,"menu_order":0,"comment_status":"closed","ping_status":"closed","template":"","meta":{"_acf_changed":false,"footnotes":""},"class_list":["post-3520","page","type-page","status-publish","hentry","page-entry"],"acf":[],"aioseo_notices":[],"_links":{"self":[{"href":"https:\/\/aqualab.pt\/en\/wp-json\/wp\/v2\/pages\/3520","targetHints":{"allow":["GET"]}}],"collection":[{"href":"https:\/\/aqualab.pt\/en\/wp-json\/wp\/v2\/pages"}],"about":[{"href":"https:\/\/aqualab.pt\/en\/wp-json\/wp\/v2\/types\/page"}],"author":[{"embeddable":true,"href":"https:\/\/aqualab.pt\/en\/wp-json\/wp\/v2\/users\/1"}],"replies":[{"embeddable":true,"href":"https:\/\/aqualab.pt\/en\/wp-json\/wp\/v2\/comments?post=3520"}],"version-history":[{"count":1,"href":"https:\/\/aqualab.pt\/en\/wp-json\/wp\/v2\/pages\/3520\/revisions"}],"predecessor-version":[{"id":3550,"href":"https:\/\/aqualab.pt\/en\/wp-json\/wp\/v2\/pages\/3520\/revisions\/3550"}],"wp:attachment":[{"href":"https:\/\/aqualab.pt\/en\/wp-json\/wp\/v2\/media?parent=3520"}],"curies":[{"name":"wp","href":"https:\/\/api.w.org\/{rel}","templated":true}]}}