{"id":3519,"date":"2022-03-24T17:00:22","date_gmt":"2022-03-24T17:00:22","guid":{"rendered":"https:\/\/www.aqualab.pt\/termos-e-condicoes\/"},"modified":"2022-03-29T11:11:12","modified_gmt":"2022-03-29T11:11:12","slug":"termos-e-condicoes","status":"publish","type":"page","link":"https:\/\/aqualab.pt\/en\/termos-e-condicoes\/","title":{"rendered":"Terms and Conditions"},"content":{"rendered":"\n<p>In AQUALAB &#8211; Laborat\u00f3rio Cl\u00ednico e de Sa\u00fade P\u00fablica S.A, we are committed to providing the users that visit our website with the greatest security and privacy. To this effect, we present herein the Terms and Conditions wherein the users may find information and specifications on how AQUALAB &#8211; Laborat\u00f3rio Cl\u00ednico e de Sa\u00fade P\u00fablica S.A. complies and applies the legislation in force.<\/p>\n\n\n\n<p>This website belongs to AQUALAB &#8211; Laborat\u00f3rio Cl\u00ednico e de Sa\u00fade P\u00fablica S.A., based in Quinta da Bellavista &#8211; Rua do Est\u00e1dio, Lote E &#8211; 4, 8200 &#8211; 127 Albufeira.<\/p>\n\n\n\n<p>These Terms and Conditions apply to users of our website.<\/p>\n\n\n\n<p>By using our website, filling in our forms and providing your data, directly or indirectly, you imply knowing and accepting the conditions of these Terms and Conditions. By providing your personal data, you are authorizing the collection, processing, use and disclosure of the same in accordance with the rules set out herein and under the applicable legislation in force.<\/p>\n\n\n\n<div class=\"wp-block-kobu-custom-blocks-responsive-spacer responsive-spacer size-small\"><\/div>\n\n\n\n<h3 class=\"wp-block-heading\">1. Users<\/h3>\n\n\n\n<p>The user undertakes to use this website without committing any act that may be considered illicit or illegal and that may affect the rights of AQUALAB &#8211; Laborat\u00f3rio Cl\u00ednico e de Sa\u00fade P\u00fablica S.A. or third parties or that may attempt against morals or good customs.<\/p>\n\n\n\n<p>The user obliges themselves specifically not to perform any of the following acts:<\/p>\n\n\n\n<ul class=\"wp-block-list\"><li>damage to data, programs or electronic documents of AQUALAB &#8211; Laborat\u00f3rio Cl\u00ednico e de Sa\u00fade P\u00fablica S.A. or third parties included in this website. The practice of these acts may constitute a damage crime, foreseen and punished by articles 212 and following of the Penal Code;<\/li><\/ul>\n\n\n\n<ul class=\"wp-block-list\"><li>prevent or hinder access by other users to the AQUALAB &#8211; Laborat\u00f3rio Cl\u00ednico e de Sa\u00fade P\u00fablica S.A. website by using excessive recourse to computer means that cause damage, interrupt or cause errors or distortions in access to the website;<\/li><\/ul>\n\n\n\n<ul class=\"wp-block-list\"><li>sending excessive email messages for commercial or advertising purposes without the consent of the recipient;<\/li><\/ul>\n\n\n\n<ul class=\"wp-block-list\"><li>reading, deleting, copying or altering emails from other users, or attempting to carry out any of these acts. The practice of these acts may constitute the crime of violation of telecommunications, provided and punished by Article 194 of the Criminal Code;<\/li><\/ul>\n\n\n\n<ul class=\"wp-block-list\"><li>use the website to try to access restricted areas of the computer systems of AQUALAB &#8211; Laborat\u00f3rio Cl\u00ednico e de Sa\u00fade P\u00fablica S.A. or third parties;<\/li><\/ul>\n\n\n\n<ul class=\"wp-block-list\"><li>try to increase the privileges of a user person in the system;<\/li><\/ul>\n\n\n\n<ul class=\"wp-block-list\"><li>introduce programs, viruses, macros, applets, ActiveX controls or any other logical device or sequence of characters that cause or may cause any type of alteration to this website or to the computer systems of AQUALAB &#8211; Laborat\u00f3rio Cl\u00ednico e de Sa\u00fade P\u00fablica S.A. or third parties.<\/li><\/ul>\n\n\n\n<div class=\"wp-block-kobu-custom-blocks-responsive-spacer responsive-spacer size-small\"><\/div>\n\n\n\n<h3 class=\"wp-block-heading\">2. Do AQUALAB &#8211; Laborat\u00f3rio Cl\u00ednico e de Sa\u00fade P\u00fablica S.A.<\/h3>\n\n\n\n<p>AQUALAB &#8211; Laborat\u00f3rio Cl\u00ednico e de Sa\u00fade P\u00fablica S.A. reserves the right to deny access to its website, totally or partially, to any user who does not comply with the previously established terms, at any time and without the need for any basis or prior notice.<\/p>\n\n\n\n<div class=\"wp-block-kobu-custom-blocks-responsive-spacer responsive-spacer size-small\"><\/div>\n\n\n\n<h3 class=\"wp-block-heading\">3. Intellectual and Industrial Property<\/h3>\n\n\n\n<p>AQUALAB &#8211; Laborat\u00f3rio Cl\u00ednico e de Sa\u00fade P\u00fablica S.A. is the sole owner of all the rights to the information, tools and other contents of its website, as well as the graphics and codes existing therein, except when it is expressly indicated that another entity is the owner of such rights.<\/p>\n\n\n\n<p>AQUALAB &#8211; Laborat\u00f3rio Cl\u00ednico e de Sa\u00fade P\u00fablica S.A. does not grant any licence or authorization of use regarding intellectual property rights or any other rights related to its website.<\/p>\n\n\n\n<p>The user recognizes that the use, reproduction, copy, total or partial distribution, alteration or commercialization of the aforementioned contents, whatever the purpose, and regardless of the means used, without the prior and express consent of AQUALAB &#8211; Laborat\u00f3rio Cl\u00ednico e de Sa\u00fade P\u00fablica S.A., is absolutely prohibited and violates the rights of AQUALAB &#8211; Laborat\u00f3rio Cl\u00ednico e de Sa\u00fade P\u00fablica S.A. or of the owner of the contents identified as such in the website.<\/p>\n\n\n\n<p>The user acknowledges that the information he\/she can access through the website may be protected by industrial, intellectual or other property rights. AQUALAB &#8211; Laborat\u00f3rio Cl\u00ednico e de Sa\u00fade P\u00fablica S.A. is not responsible, under any circumstances, for any infringement of these rights by the user.<\/p>\n\n\n\n<p>All trade names, brands or any other distinctive commercial signs contained in the website of AQUALAB &#8211; Laborat\u00f3rio Cl\u00ednico e de Sa\u00fade P\u00fablica S.A. are legally protected.<\/p>\n\n\n\n<div class=\"wp-block-kobu-custom-blocks-responsive-spacer responsive-spacer size-small\"><\/div>\n\n\n\n<h3 class=\"wp-block-heading\">4. Liability<\/h3>\n\n\n\n<p><strong>4.1 For the operation of the AQUALAB &#8211; Laborat\u00f3rio Cl\u00ednico e de Sa\u00fade P\u00fablica S.A. website<\/strong><\/p>\n\n\n\n<p>AQUALAB &#8211; Laborat\u00f3rio Cl\u00ednico e de Sa\u00fade P\u00fablica S.A. shall not be liable for any interferences, failures, interruptions, computer viruses, errors, telephone breakdowns or connection failures occurring in the operation of the electronic system due to causes beyond the control of AQUALAB &#8211; Laborat\u00f3rio Cl\u00ednico e de Sa\u00fade P\u00fablica S.A., and shall not be liable for the damages, direct or indirect, arising therefrom. AQUALAB &#8211; Laborat\u00f3rio Cl\u00ednico e de Sa\u00fade P\u00fablica S.A. shall also not be liable for delays or blockages in the use of the electronic system caused by defects or overloads in the telephone lines or in the Internet, nor for the damages, direct or indirect, arising therefrom. AQUALAB &#8211; Laborat\u00f3rio Cl\u00ednico e de Sa\u00fade P\u00fablica S.A. will also not be responsible for damages caused by third parties through illegal intromissions in the system and that are beyond the control of AQUALAB &#8211; Laborat\u00f3rio Cl\u00ednico e de Sa\u00fade P\u00fablica S.A.<\/p>\n\n\n\n<div class=\"wp-block-kobu-custom-blocks-responsive-spacer responsive-spacer size-small\"><\/div>\n\n\n\n<p><strong>4.2 Services or content included on the website<\/strong><\/p>\n\n\n\n<p>AQUALAB &#8211; Laborat\u00f3rio Cl\u00ednico e de Sa\u00fade P\u00fablica S.A. does not guarantee the thoroughness and accuracy of the information on its website, warning that it may be incomplete, may contain errors, inaccuracies or be out of date. The user and any interested person must verify the information obtained through the website of AQUALAB &#8211; Laborat\u00f3rio Cl\u00ednico e de Sa\u00fade P\u00fablica S.A., contacting the company before taking any action following its content. The information contained in this website is totally free of charge for the users and the mere access to it does not create any type of commercial or professional relationship between the users and AQUALAB &#8211; Laborat\u00f3rio Cl\u00ednico e de Sa\u00fade P\u00fablica S.A.&nbsp;<\/p>\n\n\n\n<p>AQUALAB &#8211; Laborat\u00f3rio Cl\u00ednico e de Sa\u00fade P\u00fablica S.A. may freely make, at any moment and without previous notice, changes in the information contained in its website. AQUALAB &#8211; Laborat\u00f3rio Cl\u00ednico e de Sa\u00fade P\u00fablica S.A. does not assume any type of commitment, but acts in good faith to update the information contained in its website.<\/p>\n\n\n\n<p>AQUALAB &#8211; Laborat\u00f3rio Cl\u00ednico e de Sa\u00fade P\u00fablica S.A. is not responsible for any damages or losses, direct or indirect, arising from the use of the information contained in its website.<\/p>\n\n\n\n<div class=\"wp-block-kobu-custom-blocks-responsive-spacer responsive-spacer size-small\"><\/div>\n\n\n\n<p><strong>4.3 Services or content provided by third parties<\/strong><\/p>\n\n\n\n<p>The links and hypertext contained in this website that allow the user to access services provided by third parties do not belong nor are under the control of AQUALAB &#8211; Laborat\u00f3rio Cl\u00ednico e de Sa\u00fade P\u00fablica S.A. Therefore, AQUALAB &#8211; Laborat\u00f3rio Cl\u00ednico e de Sa\u00fade P\u00fablica S.A. is not responsible for the information contained in them, nor for the eventual contractual relationship that may arise.&nbsp;<\/p>\n\n\n\n<p>Electronic communications for direct marketing may be sent, provided that the data subject&#8217;s right of objection is guaranteed at the time of collection and in each message sent, in the event that a customer relationship exists, or, subject to prior and express consent, in the event that no prior legal relationship exists.<\/p>\n\n\n\n<p>AQUALAB &#8211; Laborat\u00f3rio Cl\u00ednico e de Sa\u00fade P\u00fablica S.A. will not be responsible for any damages or losses that may result from the services made available or provided by third parties through its website.<\/p>\n\n\n\n<div class=\"wp-block-kobu-custom-blocks-responsive-spacer responsive-spacer size-small\"><\/div>\n\n\n\n<p><strong>4.4 Disputes<\/strong><\/p>\n\n\n\n<p>To settle any question or dispute that may arise from the use of this website or the contractual relationship that may be established between the user and AQUALAB &#8211; Laborat\u00f3rio Cl\u00ednico e de Sa\u00fade P\u00fablica S.A. or between the user and a third party through this website, the Court of Albufeira will be the competent court, with express waiver to any other jurisdiction.&nbsp;<\/p>\n\n\n\n<p>Albufeira, 24 March 2022<\/p>\n\n\n\n<p>The Administrative Board,<\/p>\n","protected":false},"excerpt":{"rendered":"<p>In AQUALAB &#8211; Laborat\u00f3rio Cl\u00ednico e de Sa\u00fade P\u00fablica S.A, we are committed to providing the users that visit our website with [&hellip;]<\/p>\n","protected":false},"author":1,"featured_media":0,"parent":0,"menu_order":0,"comment_status":"closed","ping_status":"closed","template":"","meta":{"_acf_changed":false,"footnotes":""},"class_list":["post-3519","page","type-page","status-publish","hentry","page-entry"],"acf":[],"aioseo_notices":[],"_links":{"self":[{"href":"https:\/\/aqualab.pt\/en\/wp-json\/wp\/v2\/pages\/3519","targetHints":{"allow":["GET"]}}],"collection":[{"href":"https:\/\/aqualab.pt\/en\/wp-json\/wp\/v2\/pages"}],"about":[{"href":"https:\/\/aqualab.pt\/en\/wp-json\/wp\/v2\/types\/page"}],"author":[{"embeddable":true,"href":"https:\/\/aqualab.pt\/en\/wp-json\/wp\/v2\/users\/1"}],"replies":[{"embeddable":true,"href":"https:\/\/aqualab.pt\/en\/wp-json\/wp\/v2\/comments?post=3519"}],"version-history":[{"count":2,"href":"https:\/\/aqualab.pt\/en\/wp-json\/wp\/v2\/pages\/3519\/revisions"}],"predecessor-version":[{"id":3555,"href":"https:\/\/aqualab.pt\/en\/wp-json\/wp\/v2\/pages\/3519\/revisions\/3555"}],"wp:attachment":[{"href":"https:\/\/aqualab.pt\/en\/wp-json\/wp\/v2\/media?parent=3519"}],"curies":[{"name":"wp","href":"https:\/\/api.w.org\/{rel}","templated":true}]}}