{"id":2644,"date":"2020-12-18T17:52:09","date_gmt":"2020-12-18T17:52:09","guid":{"rendered":"https:\/\/www.aqualab.pt\/about-us\/missao-e-valores\/"},"modified":"2022-03-28T15:32:06","modified_gmt":"2022-03-28T15:32:06","slug":"mission-and-values","status":"publish","type":"page","link":"https:\/\/aqualab.pt\/en\/about-us\/mission-and-values\/","title":{"rendered":"Mission and Values"},"content":{"rendered":"\n<div class=\"wp-block-kobu-custom-blocks-responsive-spacer responsive-spacer size-small\"><\/div>\n\n\n<noscript class=\"loading-lazy\">\n<figure class=\"wp-block-image size-large\"><img loading=\"lazy\" decoding=\"async\" width=\"1703\" height=\"1703\" src=\"https:\/\/www.aqualab.pt\/files\/uploads\/2022\/01\/Aqualab_Team_Jorge_Queiroz_missao_e_valores-1-edited.jpg\" alt=\"Aqualab_team_Jorge_Queiroz\" class=\"wp-image-3422\" srcset=\"https:\/\/aqualab.pt\/files\/uploads\/2022\/01\/Aqualab_Team_Jorge_Queiroz_missao_e_valores-1-edited.jpg 1703w, https:\/\/aqualab.pt\/files\/uploads\/2022\/01\/Aqualab_Team_Jorge_Queiroz_missao_e_valores-1-edited-300x300.jpg 300w, https:\/\/aqualab.pt\/files\/uploads\/2022\/01\/Aqualab_Team_Jorge_Queiroz_missao_e_valores-1-edited-1024x1024.jpg 1024w, https:\/\/aqualab.pt\/files\/uploads\/2022\/01\/Aqualab_Team_Jorge_Queiroz_missao_e_valores-1-edited-150x150.jpg 150w, https:\/\/aqualab.pt\/files\/uploads\/2022\/01\/Aqualab_Team_Jorge_Queiroz_missao_e_valores-1-edited-768x768.jpg 768w, https:\/\/aqualab.pt\/files\/uploads\/2022\/01\/Aqualab_Team_Jorge_Queiroz_missao_e_valores-1-edited-1536x1536.jpg 1536w\" sizes=\"auto, (max-width: 1703px) 100vw, 1703px\" \/><\/figure>\n<\/noscript>\n\n\n<div class=\"wp-block-kobu-custom-blocks-responsive-spacer responsive-spacer size-medium\"><\/div>\n\n\n\n<h2 class=\"wp-block-heading\">Mission<\/h2>\n\n\n\n<p>Proceed with analysis with quality and rigor and achieve professional performance within the highest standards of laboratory practice by applicable legal requirements, recognized by the scientific community.<\/p>\n\n\n\n<div class=\"wp-block-kobu-custom-blocks-responsive-spacer responsive-spacer size-small\"><\/div>\n\n\n\n<h2 class=\"wp-block-heading\">Vision<\/h2>\n\n\n\n<p>Promote the continuous improvement of the Management System, processes, and organization. Build loyalty with current customers and increase the number of new users\/customers.<\/p>\n\n\n\n<div class=\"wp-block-kobu-custom-blocks-responsive-spacer responsive-spacer size-small\"><\/div>\n\n\n\n<h2 class=\"wp-block-heading\">External Values<\/h2>\n\n\n\n<p>Total satisfaction of our users\/customers who are and will remain our highest priority. Defend the good name and image of the Laboratory.<\/p>\n\n\n\n<div class=\"wp-block-kobu-custom-blocks-responsive-spacer responsive-spacer size-small\"><\/div>\n\n\n\n<h2 class=\"wp-block-heading\">Internal Values<\/h2>\n\n\n\n<ul class=\"wp-block-list\"><li>Professional ethics;<\/li><li>Respect for commitments;<\/li><li>Valuing employees;<\/li><li>Assume responsibility for Quality.<\/li><\/ul>\n\n\n\n<div class=\"wp-block-kobu-custom-blocks-responsive-spacer responsive-spacer size-small\"><\/div>\n\n\n\n<h2 class=\"wp-block-heading\">Strategy<\/h2>\n\n\n\n<ul class=\"wp-block-list\"><li>Offer users\/clients a service we are proud of, thus contributing to our success;<\/li><li>Provide adequate resources and support;<\/li><li>Motivate and involve all employees for continuous improvement, through familiarization with all Quality documentation;<\/li><li>Achieve levels of Humanization and Quality, which make Aqualab a reference center in the field of Clinical Analysis, Water, and Food, maintaining the highest standards of laboratory practice.<\/li><\/ul>\n\n\n\n<p>AQUALAB management assumes the adoption of a Management System based on the following requirements:<\/p>\n\n\n\n<p><br><strong>NP EN ISO 9001<br>NP EN ISO\/IEC 17025 EN<br>Normas para Laborat\u00f3rios Cl\u00ednicos<br>Manual de Boas Pr\u00e1ticas Laboratoriais<br>NP EN ISO 15189<\/strong><br><\/p>\n\n\n\n<p>AQUALAB is committed to good professional practices and guaranteeing the quality of the tests and the samplings carried out.<\/p>\n","protected":false},"excerpt":{"rendered":"<p>Mission Proceed with analysis with quality and rigor and achieve professional performance within the highest standards of laboratory practice by applicable legal [&hellip;]<\/p>\n","protected":false},"author":2,"featured_media":0,"parent":64,"menu_order":0,"comment_status":"closed","ping_status":"closed","template":"templates\/page-with-sidebar.php","meta":{"_acf_changed":false,"footnotes":""},"class_list":["post-2644","page","type-page","status-publish","hentry","page-entry"],"acf":[],"aioseo_notices":[],"_links":{"self":[{"href":"https:\/\/aqualab.pt\/en\/wp-json\/wp\/v2\/pages\/2644","targetHints":{"allow":["GET"]}}],"collection":[{"href":"https:\/\/aqualab.pt\/en\/wp-json\/wp\/v2\/pages"}],"about":[{"href":"https:\/\/aqualab.pt\/en\/wp-json\/wp\/v2\/types\/page"}],"author":[{"embeddable":true,"href":"https:\/\/aqualab.pt\/en\/wp-json\/wp\/v2\/users\/2"}],"replies":[{"embeddable":true,"href":"https:\/\/aqualab.pt\/en\/wp-json\/wp\/v2\/comments?post=2644"}],"version-history":[{"count":1,"href":"https:\/\/aqualab.pt\/en\/wp-json\/wp\/v2\/pages\/2644\/revisions"}],"predecessor-version":[{"id":3524,"href":"https:\/\/aqualab.pt\/en\/wp-json\/wp\/v2\/pages\/2644\/revisions\/3524"}],"up":[{"embeddable":true,"href":"https:\/\/aqualab.pt\/en\/wp-json\/wp\/v2\/pages\/64"}],"wp:attachment":[{"href":"https:\/\/aqualab.pt\/en\/wp-json\/wp\/v2\/media?parent=2644"}],"curies":[{"name":"wp","href":"https:\/\/api.w.org\/{rel}","templated":true}]}}