{"id":1970,"date":"2020-06-17T12:22:35","date_gmt":"2020-06-17T12:22:35","guid":{"rendered":"https:\/\/www.aqualab.pt\/about-us\/equipa-portimao\/"},"modified":"2022-08-23T16:21:07","modified_gmt":"2022-08-23T16:21:07","slug":"portimao-team","status":"publish","type":"page","link":"https:\/\/aqualab.pt\/en\/about-us\/portimao-team\/","title":{"rendered":"Portim\u00e3o Team"},"content":{"rendered":"\n<h2 class=\"wp-block-heading\">AQUALAB \u2013 Portim\u00e3o Laboratory<\/h2>\n\n\n\n<div class=\"wp-block-kobu-custom-blocks-responsive-spacer responsive-spacer size-medium\"><\/div>\n\n\n<noscript class=\"loading-lazy\">\n<figure class=\"wp-block-image size-large\"><img loading=\"lazy\" decoding=\"async\" width=\"1024\" height=\"683\" src=\"https:\/\/aqualab.pt\/files\/uploads\/2022\/01\/Aqualab_team_Portimao-1024x683.jpg\" alt=\"Aqualab equipa de Portimao\" class=\"wp-image-3440\" srcset=\"https:\/\/aqualab.pt\/files\/uploads\/2022\/01\/Aqualab_team_Portimao-1024x683.jpg 1024w, https:\/\/aqualab.pt\/files\/uploads\/2022\/01\/Aqualab_team_Portimao-300x200.jpg 300w, https:\/\/aqualab.pt\/files\/uploads\/2022\/01\/Aqualab_team_Portimao-768x512.jpg 768w, https:\/\/aqualab.pt\/files\/uploads\/2022\/01\/Aqualab_team_Portimao-1536x1024.jpg 1536w, https:\/\/aqualab.pt\/files\/uploads\/2022\/01\/Aqualab_team_Portimao.jpg 2048w\" sizes=\"auto, (max-width: 1024px) 100vw, 1024px\" \/><\/figure>\n<\/noscript>\n\n\n<div class=\"wp-block-kobu-custom-blocks-responsive-spacer responsive-spacer size-small\"><\/div>\n\n\n\n<h4 class=\"wp-block-heading\"><strong>Technical Director<\/strong><\/h4>\n\n\n\t<div class=\"team-members\">\n\t\t<div class=\"team-members-wrapper\">\n\t\t\t\t\t\t\t<div class=\"team-member\">\n\t\t\t\t\t\t\t\t\t\t\t<div class=\"featured-img\">\n\t\t\t\t\t\t\t<img decoding=\"async\" class=\"coverimg\" src=\"https:\/\/aqualab.pt\/files\/uploads\/2022\/01\/Aqualab_Team_Portimao_Mavilde_Vargues.jpg\" alt=\"Aqualab_Team_Portimao_Mavilde_Vargues\" \/>\n\t\t\t\t\t\t<\/div>\n\t\t\t\t\t\t\t\t\t\t<article class=\"content-wrapper\">\n\t\t\t\t\t\t<h1>Doctor Mavilde Vargues<\/h1>\n\t\t\t\t\t\t\t\t\t\t\t\t\t<p>Degree in Pharmaceutical Sciences; Specialist in Clinical Analysis by the Portuguese Board of Pharmacists<\/p>\n\t\t\t\t\t\t\t\t\t\t\t<\/article>\n\t\t\t\t<\/div>\n\t\t\t\t\t<\/div>\n\t<\/div>\n\n\n\n<h4 class=\"wp-block-heading\"><strong>Substitute Technical Director<\/strong><\/h4>\n\n\n\t<div class=\"team-members\">\n\t\t<div class=\"team-members-wrapper\">\n\t\t\t\t\t\t\t<div class=\"team-member\">\n\t\t\t\t\t\t\t\t\t\t\t<div class=\"featured-img\">\n\t\t\t\t\t\t\t<img decoding=\"async\" class=\"coverimg\" src=\"https:\/\/aqualab.pt\/files\/uploads\/2022\/01\/Aqualab_Team_Portimao_Edite_Gomes.jpg\" alt=\"Aqualab_Team_Portimao_Edite_Gomes\" \/>\n\t\t\t\t\t\t<\/div>\n\t\t\t\t\t\t\t\t\t\t<article class=\"content-wrapper\">\n\t\t\t\t\t\t<h1>Doctor Edite Gomes<\/h1>\n\t\t\t\t\t\t\t\t\t\t\t\t\t<p>Degree in Pharmaceutical Sciences; Specialist in Clinical Analysis by the Portuguese Board of Pharmacists<\/p>\n\t\t\t\t\t\t\t\t\t\t\t<\/article>\n\t\t\t\t<\/div>\n\t\t\t\t\t<\/div>\n\t<\/div>\n\n\n\n<div class=\"wp-block-kobu-custom-blocks-responsive-spacer responsive-spacer size-medium\"><\/div>\n\n\n\n<h4 class=\"wp-block-heading\"><strong>Technical Team<\/strong><\/h4>\n\n\n\n<ul class=\"wp-block-list\"><li><strong>Lara Pacheco<\/strong> \u2014 Degree in Clinical Analysis &amp; Public Health<\/li><li><strong>Aniana da Av\u00f3<\/strong> \u2014 Degree in Clinical Analysis &amp; Public Health<\/li><li><strong>Maria Telma Geraldo<\/strong> \u2014 Clinical Analysis Technician<\/li><li><strong>Laura Cristina Vicente<\/strong> \u2014 Degree in Clinical Analysis &amp; Public Health<\/li><li><strong>Marisa Alexandra Silva de Jesus<\/strong> \u2014 Degree in Clinical Analysis &amp; Public Health<\/li><li><strong>Esmeraldina Santos Neves<\/strong> \u2014 Clinical Analysis Technician<\/li><li><strong>Eunice Maria Bernardo Sousa Cabrita<\/strong> \u2014 Clinical Analysis Technician<\/li><li><strong>Nat\u00e1lia Maria Encarna\u00e7\u00e3o<\/strong> \u2014 Auxiliary Technician<\/li><li><strong>Nuno Ricardo Pinto Teixeira<\/strong> \u2014 Degree in Clinical Analysis &amp; Public Health<\/li><li><strong>Eduardo Reis Silva<\/strong> \u2014 Degree in Clinical Analysis &amp; Public Health<\/li><\/ul>\n\n\n\n<div class=\"wp-block-kobu-custom-blocks-responsive-spacer responsive-spacer size-small\"><\/div>\n\n\n\n<h4 class=\"wp-block-heading\"><strong>Laboratory Auxiliary<\/strong><\/h4>\n\n\n\n<ul class=\"wp-block-list\"><li><strong>Ana Cristina Hermenegildo<\/strong><\/li><\/ul>\n\n\n\n<div class=\"wp-block-kobu-custom-blocks-responsive-spacer responsive-spacer size-small\"><\/div>\n\n\n\n<h4 class=\"wp-block-heading\"><strong>Administrative and Financial Team<\/strong><\/h4>\n\n\n\n<ul class=\"wp-block-list\"><li><strong>Beatriz Martins<\/strong><\/li><li><strong>Joana Greg\u00f3rio<\/strong><\/li><li><strong>Paula Cristina Carrasquinho<\/strong><\/li><li><strong>Ed\u00edlia Maria Jesus Bicar Silva<\/strong><\/li><li><strong>C\u00e9lia Maria Nunes Garrido<\/strong><\/li><li><strong>Fernanda Maria Custodia Ant\u00f3nio Vicente<\/strong><\/li><\/ul>\n\n\n\n<p><\/p>\n","protected":false},"excerpt":{"rendered":"<p>AQUALAB \u2013 Portim\u00e3o Laboratory Technical Director Substitute Technical Director Technical Team Lara Pacheco \u2014 Degree in Clinical Analysis &amp; Public Health Aniana [&hellip;]<\/p>\n","protected":false},"author":2,"featured_media":0,"parent":64,"menu_order":4,"comment_status":"closed","ping_status":"closed","template":"templates\/page-with-sidebar.php","meta":{"_acf_changed":false,"footnotes":""},"class_list":["post-1970","page","type-page","status-publish","hentry","page-entry"],"acf":[],"aioseo_notices":[],"_links":{"self":[{"href":"https:\/\/aqualab.pt\/en\/wp-json\/wp\/v2\/pages\/1970","targetHints":{"allow":["GET"]}}],"collection":[{"href":"https:\/\/aqualab.pt\/en\/wp-json\/wp\/v2\/pages"}],"about":[{"href":"https:\/\/aqualab.pt\/en\/wp-json\/wp\/v2\/types\/page"}],"author":[{"embeddable":true,"href":"https:\/\/aqualab.pt\/en\/wp-json\/wp\/v2\/users\/2"}],"replies":[{"embeddable":true,"href":"https:\/\/aqualab.pt\/en\/wp-json\/wp\/v2\/comments?post=1970"}],"version-history":[{"count":5,"href":"https:\/\/aqualab.pt\/en\/wp-json\/wp\/v2\/pages\/1970\/revisions"}],"predecessor-version":[{"id":4007,"href":"https:\/\/aqualab.pt\/en\/wp-json\/wp\/v2\/pages\/1970\/revisions\/4007"}],"up":[{"embeddable":true,"href":"https:\/\/aqualab.pt\/en\/wp-json\/wp\/v2\/pages\/64"}],"wp:attachment":[{"href":"https:\/\/aqualab.pt\/en\/wp-json\/wp\/v2\/media?parent=1970"}],"curies":[{"name":"wp","href":"https:\/\/api.w.org\/{rel}","templated":true}]}}