{"id":101,"date":"2020-01-27T17:06:02","date_gmt":"2020-01-27T17:06:02","guid":{"rendered":"https:\/\/www.aqualab.pt\/?page_id=101"},"modified":"2022-05-10T17:13:11","modified_gmt":"2022-05-10T17:13:11","slug":"entity-and-insurance-agreements","status":"publish","type":"page","link":"https:\/\/aqualab.pt\/en\/analysis-departments\/clinical-department\/entity-and-insurance-agreements\/","title":{"rendered":"Entity and Insurance Agreements"},"content":{"rendered":"<noscript class=\"loading-lazy\">\n<figure class=\"wp-block-image size-large\"><img loading=\"lazy\" decoding=\"async\" width=\"1024\" height=\"682\" src=\"https:\/\/www.aqualab.pt\/files\/uploads\/2020\/01\/1ec0a8915cb089c2baeabf4f6480972330025652-1024x682.jpg\" alt=\"\" class=\"wp-image-300\" srcset=\"https:\/\/aqualab.pt\/files\/uploads\/2020\/01\/1ec0a8915cb089c2baeabf4f6480972330025652-1024x682.jpg 1024w, https:\/\/aqualab.pt\/files\/uploads\/2020\/01\/1ec0a8915cb089c2baeabf4f6480972330025652-300x200.jpg 300w, https:\/\/aqualab.pt\/files\/uploads\/2020\/01\/1ec0a8915cb089c2baeabf4f6480972330025652-768x512.jpg 768w, https:\/\/aqualab.pt\/files\/uploads\/2020\/01\/1ec0a8915cb089c2baeabf4f6480972330025652.jpg 1280w\" sizes=\"auto, (max-width: 1024px) 100vw, 1024px\" \/><\/figure>\n<\/noscript>\n\n\n<div class=\"wp-block-kobu-custom-blocks-responsive-spacer responsive-spacer size-medium\"><\/div>\n\n\n\n<ul class=\"wp-block-list\"><li><a href=\"https:\/\/www.segurosmais.pt\/compseg\/acoreana\/\"><strong>A\u00e7oreana<\/strong> <strong>Seguros<\/strong><\/a><\/li><\/ul>\n\n\n\n<ul class=\"wp-block-list\"><li><strong><a href=\"http:\/\/adm.defesa.pt\/inicio.aspx\">ADM<\/a><\/strong><\/li><\/ul>\n\n\n\n<ul class=\"wp-block-list\"><li><strong><a href=\"https:\/\/www.gnr.pt\/default.aspx\">ADSE<\/a><\/strong><\/li><\/ul>\n\n\n\n<ul class=\"wp-block-list\"><li><strong><a href=\"https:\/\/www.advancecare.pt\/para-si\/\">Advance Care<\/a><\/strong><\/li><\/ul>\n\n\n\n<ul class=\"wp-block-list\"><li><strong><a href=\"https:\/\/www.sbsi.pt\/SAMS\/Servicos\/Pages\/default.aspx\">Advance Care &#8211; SAMS<\/a><\/strong><\/li><\/ul>\n\n\n\n<ul class=\"wp-block-list\"><li><strong><a href=\"https:\/\/www.allianz.pt\/servicos\/redes-allianz\/rede-allianz-saude\">Allianz<\/a><\/strong><\/li><\/ul>\n\n\n\n<ul class=\"wp-block-list\"><li><strong><a href=\"https:\/\/www.ami.org.pt\/\">AMI<\/a><\/strong><\/li><\/ul>\n\n\n\n<ul class=\"wp-block-list\"><li><strong><a href=\"https:\/\/www.axa.pt\/web\/axa-portugal\/particulares\/seguros\/saude\/dentario-vitalplan-smile\">AXA<\/a><\/strong><\/li><\/ul>\n\n\n\n<ul class=\"wp-block-list\"><li><strong><a href=\"https:\/\/www.novobanco.pt\/site\/cms.aspx\">Novo Banco<\/a><\/strong><\/li><\/ul>\n\n\n\n<ul class=\"wp-block-list\"><li><strong><a href=\"https:\/\/www.creditoagricola.pt\/\">Cr\u00e9dito Agr\u00edcola Seguros<\/a><\/strong><\/li><\/ul>\n\n\n\n<ul class=\"wp-block-list\"><li><strong><a href=\"https:\/\/www.cgd.pt\/Particulares\/Pages\/Particulares_v2.aspx\">Caixa Geral de Dep\u00f3sitos<\/a><\/strong><\/li><\/ul>\n\n\n\n<ul class=\"wp-block-list\"><li><strong><a href=\"http:\/\/www.cimpor-portugal.pt\/\">CIMPOR<\/a><\/strong><\/li><\/ul>\n\n\n\n<ul class=\"wp-block-list\"><li><strong><a href=\"http:\/\/www.generali.pt\/\">Generali<\/a><\/strong><\/li><\/ul>\n\n\n\n<ul class=\"wp-block-list\"><li><strong><a href=\"https:\/\/www.gnr.pt\/default.aspx\">GNR<\/a><\/strong><\/li><\/ul>\n\n\n\n<ul class=\"wp-block-list\"><li><strong><a href=\"https:\/\/www.lusitania.pt\/\">Lusit\u00e2nia Seguros<\/a><\/strong><\/li><\/ul>\n\n\n\n<ul class=\"wp-block-list\"><li><strong>+ Sa\u00fade<\/strong><\/li><\/ul>\n\n\n\n<ul class=\"wp-block-list\"><li><strong>MDV Plan<\/strong><\/li><\/ul>\n\n\n\n<ul class=\"wp-block-list\"><li><strong><a href=\"https:\/\/www.medis.pt\/\">M\u00e9dis<\/a><\/strong><\/li><\/ul>\n\n\n\n<ul class=\"wp-block-list\"><li><strong>Minist\u00e9rio da Sa\u00fade<\/strong><\/li><\/ul>\n\n\n\n<ul class=\"wp-block-list\"><li><strong>Mondial Assistance<\/strong><\/li><\/ul>\n\n\n\n<ul class=\"wp-block-list\"><li><strong><a href=\"http:\/\/www.residenciasmontepio.pt\/\">Resid\u00eancias Montepio<\/a><\/strong><\/li><\/ul>\n\n\n\n<ul class=\"wp-block-list\"><li><strong><a href=\"http:\/\/www.planuscard.pt\/\">PlanusCard<\/a><\/strong><\/li><\/ul>\n\n\n\n<ul class=\"wp-block-list\"><li><strong><a href=\"https:\/\/www.psp.pt\/Pages\/homePage.aspx\">PSP<\/a><\/strong><\/li><\/ul>\n\n\n\n<ul class=\"wp-block-list\"><li><strong><a href=\"https:\/\/acs.pt\/\">Altice &#8211; Cuidados de Sa\u00fade<\/a><\/strong><\/li><\/ul>\n\n\n\n<ul class=\"wp-block-list\"><li><strong><a href=\"http:\/\/www.snqtb.pt\/SNQTB\/site\/\">SAMS &#8211; Quadros<\/a><\/strong><\/li><\/ul>\n\n\n\n<ul class=\"wp-block-list\"><li><strong><a href=\"https:\/\/www.saudeprime.pt\/\">Sa\u00fade Prime<\/a><\/strong><\/li><\/ul>\n\n\n\n<ul class=\"wp-block-list\"><li><strong>Servi Med &#8211; Rede de Assist\u00eancia M\u00e9dica<\/strong><\/li><\/ul>\n\n\n\n<ul class=\"wp-block-list\"><li><strong><a href=\"https:\/\/www.tranquilidade.pt\/pt\">Tranquilidade<\/a><\/strong><\/li><\/ul>\n","protected":false},"excerpt":{"rendered":"<p>A\u00e7oreana Seguros ADM ADSE Advance Care Advance Care &#8211; SAMS Allianz AMI AXA Novo Banco Cr\u00e9dito Agr\u00edcola Seguros Caixa Geral de Dep\u00f3sitos [&hellip;]<\/p>\n","protected":false},"author":1,"featured_media":0,"parent":91,"menu_order":5,"comment_status":"closed","ping_status":"closed","template":"templates\/page-with-sidebar.php","meta":{"_acf_changed":false,"footnotes":""},"class_list":["post-101","page","type-page","status-publish","hentry","page-entry"],"acf":[],"aioseo_notices":[],"_links":{"self":[{"href":"https:\/\/aqualab.pt\/en\/wp-json\/wp\/v2\/pages\/101","targetHints":{"allow":["GET"]}}],"collection":[{"href":"https:\/\/aqualab.pt\/en\/wp-json\/wp\/v2\/pages"}],"about":[{"href":"https:\/\/aqualab.pt\/en\/wp-json\/wp\/v2\/types\/page"}],"author":[{"embeddable":true,"href":"https:\/\/aqualab.pt\/en\/wp-json\/wp\/v2\/users\/1"}],"replies":[{"embeddable":true,"href":"https:\/\/aqualab.pt\/en\/wp-json\/wp\/v2\/comments?post=101"}],"version-history":[{"count":2,"href":"https:\/\/aqualab.pt\/en\/wp-json\/wp\/v2\/pages\/101\/revisions"}],"predecessor-version":[{"id":3778,"href":"https:\/\/aqualab.pt\/en\/wp-json\/wp\/v2\/pages\/101\/revisions\/3778"}],"up":[{"embeddable":true,"href":"https:\/\/aqualab.pt\/en\/wp-json\/wp\/v2\/pages\/91"}],"wp:attachment":[{"href":"https:\/\/aqualab.pt\/en\/wp-json\/wp\/v2\/media?parent=101"}],"curies":[{"name":"wp","href":"https:\/\/api.w.org\/{rel}","templated":true}]}}